{"id":1540,"date":"2025-04-23T19:41:12","date_gmt":"2025-04-23T19:41:12","guid":{"rendered":"https:\/\/www.sabores.com.sv\/?page_id=1540"},"modified":"2025-11-12T16:59:35","modified_gmt":"2025-11-12T16:59:35","slug":"empleo-el-salvador","status":"publish","type":"page","link":"https:\/\/www.sabores.com.sv\/en\/empleo-el-salvador\/","title":{"rendered":"Be part of the team"},"content":{"rendered":"<style>.kb-row-layout-id1540_caad4d-53 > .kt-row-column-wrap{align-content:start;}:where(.kb-row-layout-id1540_caad4d-53 > .kt-row-column-wrap) > .wp-block-kadence-column{justify-content:start;}.kb-row-layout-id1540_caad4d-53 > .kt-row-column-wrap{column-gap:var(--global-kb-gap-md, 2rem);row-gap:var(--global-kb-gap-md, 2rem);padding-top:var(--global-kb-spacing-sm, 1.5rem);padding-bottom:var(--global-kb-spacing-sm, 1.5rem);grid-template-columns:repeat(2, minmax(0, 1fr));}.kb-row-layout-id1540_caad4d-53 > .kt-row-layout-overlay{opacity:0.30;}@media all and (max-width: 1024px){.kb-row-layout-id1540_caad4d-53 > .kt-row-column-wrap{grid-template-columns:repeat(2, minmax(0, 1fr));}}@media all and (max-width: 767px){.kb-row-layout-id1540_caad4d-53 > .kt-row-column-wrap{grid-template-columns:minmax(0, 1fr);}}<\/style><div class=\"kb-row-layout-wrap kb-row-layout-id1540_caad4d-53 alignnone wp-block-kadence-rowlayout\"><div class=\"kt-row-column-wrap kt-has-2-columns kt-row-layout-equal kt-tab-layout-inherit kt-mobile-layout-row kt-row-valign-top\">\n<style>.kadence-column1540_319d0e-2a > .kt-inside-inner-col,.kadence-column1540_319d0e-2a > .kt-inside-inner-col:before{border-top-left-radius:0px;border-top-right-radius:0px;border-bottom-right-radius:0px;border-bottom-left-radius:0px;}.kadence-column1540_319d0e-2a > .kt-inside-inner-col{column-gap:var(--global-kb-gap-sm, 1rem);}.kadence-column1540_319d0e-2a > .kt-inside-inner-col{flex-direction:column;}.kadence-column1540_319d0e-2a > .kt-inside-inner-col > .aligncenter{width:100%;}.kadence-column1540_319d0e-2a > .kt-inside-inner-col:before{opacity:0.3;}.kadence-column1540_319d0e-2a{position:relative;}@media all and (max-width: 1024px){.kadence-column1540_319d0e-2a > .kt-inside-inner-col{flex-direction:column;justify-content:center;}}@media all and (max-width: 767px){.kadence-column1540_319d0e-2a > .kt-inside-inner-col{flex-direction:column;justify-content:center;}}<\/style>\n<div class=\"wp-block-kadence-column kadence-column1540_319d0e-2a\"><div class=\"kt-inside-inner-col\"><style>.wp-block-kadence-advancedheading.kt-adv-heading1540_891e18-84, .wp-block-kadence-advancedheading.kt-adv-heading1540_891e18-84[data-kb-block=\"kb-adv-heading1540_891e18-84\"]{font-style:normal;}.wp-block-kadence-advancedheading.kt-adv-heading1540_891e18-84 mark.kt-highlight, .wp-block-kadence-advancedheading.kt-adv-heading1540_891e18-84[data-kb-block=\"kb-adv-heading1540_891e18-84\"] mark.kt-highlight{font-style:normal;color:#f76a0c;-webkit-box-decoration-break:clone;box-decoration-break:clone;padding-top:0px;padding-right:0px;padding-bottom:0px;padding-left:0px;}<\/style>\n<h2 class=\"kt-adv-heading1540_891e18-84 wp-block-kadence-advancedheading has-neve-link-color-color has-text-color\" data-kb-block=\"kb-adv-heading1540_891e18-84\">S&eacute; parte del equipo<\/h2>\n\n\n\n<p class=\"has-neve-link-color-color has-text-color has-link-color wp-elements-29b9c8f01fbe4bcd0ffc60c9498c7141\"><\/p>\n\n\n\n<div class=\"wp-block-contact-form-7-contact-form-selector\">\n<div class=\"wpcf7 no-js\" id=\"wpcf7-f1541-o1\" lang=\"en-US\" dir=\"ltr\" data-wpcf7-id=\"1541\">\n<div class=\"screen-reader-response\"><p role=\"status\" aria-live=\"polite\" aria-atomic=\"true\"><\/p> <ul><\/ul><\/div>\n<form action=\"\/en\/wp-json\/wp\/v2\/pages\/1540#wpcf7-f1541-o1\" method=\"post\" class=\"wpcf7-form init\" aria-label=\"Contact form\" enctype=\"multipart\/form-data\" novalidate=\"novalidate\" data-status=\"init\">\n<fieldset class=\"hidden-fields-container\"><input type=\"hidden\" name=\"_wpcf7\" value=\"1541\"><input type=\"hidden\" name=\"_wpcf7_version\" value=\"6.1.5\"><input type=\"hidden\" name=\"_wpcf7_locale\" value=\"en_US\"><input type=\"hidden\" name=\"_wpcf7_unit_tag\" value=\"wpcf7-f1541-o1\"><input type=\"hidden\" name=\"_wpcf7_container_post\" value=\"0\"><input type=\"hidden\" name=\"_wpcf7_posted_data_hash\" value=\"\">\n<\/fieldset>\n<table>\n\t<tr>\n\t\t<td colspan=\"2\">\n\t\t\t<p><label> Correo electr&oacute;nico: <span class=\"wpcf7-form-control-wrap\" data-name=\"your-email\"><input size=\"40\" maxlength=\"400\" class=\"wpcf7-form-control wpcf7-email wpcf7-validates-as-required wpcf7-text wpcf7-validates-as-email\" autocomplete=\"email\" aria-required=\"true\" aria-invalid=\"false\" value=\"\" type=\"email\" name=\"your-email\"><\/span> <\/label>\n\t\t\t<\/p>\n\t\t<\/td>\n\t<\/tr>\n\t<tr>\n\t\t<td width=\"50%\">\n\t\t\t<p><label> Nombre: <span class=\"wpcf7-form-control-wrap\" data-name=\"first-name\"><input size=\"40\" maxlength=\"400\" class=\"wpcf7-form-control wpcf7-text wpcf7-validates-as-required\" aria-required=\"true\" aria-invalid=\"false\" value=\"\" type=\"text\" name=\"first-name\"><\/span> <\/label>\n\t\t\t<\/p>\n\t\t<\/td>\n\t\t<td>\n\t\t\t<p><label> Apellido: <span class=\"wpcf7-form-control-wrap\" data-name=\"last-name\"><input size=\"40\" maxlength=\"400\" class=\"wpcf7-form-control wpcf7-text wpcf7-validates-as-required\" aria-required=\"true\" aria-invalid=\"false\" value=\"\" type=\"text\" name=\"last-name\"><\/span> <\/label>\n\t\t\t<\/p>\n\t\t<\/td>\n\t<\/tr>\n\t<tr>\n\t\t<td>\n\t\t\t<p><label> Tel&eacute;fono: <span class=\"wpcf7-form-control-wrap\" data-name=\"phone-number\"><input size=\"40\" maxlength=\"400\" class=\"wpcf7-form-control wpcf7-text wpcf7-validates-as-required\" aria-required=\"true\" aria-invalid=\"false\" value=\"\" type=\"text\" name=\"phone-number\"><\/span> <\/label>\n\t\t\t<\/p>\n\t\t<\/td>\n\t\t<td>\n\t\t\t<p><label> Cargo al que postula: <span class=\"wpcf7-form-control-wrap\" data-name=\"job-position\"><input size=\"40\" maxlength=\"400\" class=\"wpcf7-form-control wpcf7-text wpcf7-validates-as-required\" aria-required=\"true\" aria-invalid=\"false\" value=\"\" type=\"text\" name=\"job-position\"><\/span> <\/label>\n\t\t\t<\/p>\n\t\t<\/td>\n\t<\/tr>\n\t<tr>\n\t\t<td colspan=\"2\">\n\t\t\t<p><label> Mensaje o motivaci&oacute;n: <span class=\"wpcf7-form-control-wrap\" data-name=\"cover-letter\"><textarea cols=\"40\" rows=\"10\" maxlength=\"2000\" class=\"wpcf7-form-control wpcf7-textarea wpcf7-validates-as-required\" aria-required=\"true\" aria-invalid=\"false\" name=\"cover-letter\"><\/textarea><\/span> <\/label>\n\t\t\t<\/p>\n\t\t<\/td>\n\t<\/tr>\n\t<tr>\n\t\t<td colspan=\"2\">\n\t\t\t<p><label><br>\n&Aacute;rea de inter&eacute;s: <span class=\"wpcf7-form-control-wrap\" data-name=\"job-area\"><select class=\"wpcf7-form-control wpcf7-select wpcf7-validates-as-required\" aria-required=\"true\" aria-invalid=\"false\" name=\"job-area\"><option value=\"\"><\/option><option value=\"Contabilidad \/ Finanzas\">Contabilidad \/ Finanzas<\/option><option value=\"Ventas\">Ventas<\/option><option value=\"Producci&oacute;n\">Producci&oacute;n<\/option><option value=\"Log&iacute;stica\">Log&iacute;stica<\/option><option value=\"Marketing\">Marketing<\/option><option value=\"Calidad\">Calidad<\/option><option value=\"I+D\">I+D<\/option><option value=\"Otro\">Otro<\/option><\/select><\/span><br>\n<\/label>\n\t\t\t<\/p>\n\t\t<\/td>\n\t<\/tr>\n\t<tr>\n\t\t<td colspan=\"2\">\n\t\t\t<p><label> Adjuntar CV: <span class=\"wpcf7-form-control-wrap\" data-name=\"file-82\"><input size=\"40\" class=\"wpcf7-form-control wpcf7-file wpcf7-validates-as-required\" accept=\"application\/pdf,image\/*\" aria-required=\"true\" aria-invalid=\"false\" type=\"file\" name=\"file-82\"><\/span><\/label>\n\t\t\t<\/p>\n\t\t<\/td>\n\t<\/tr>\n\t<tr>\n\t\t<td>\n\t\t\t<p><input class=\"wpcf7-form-control wpcf7-submit has-spinner\" type=\"submit\" value=\"Enviar Postulaci&oacute;n\">\n\t\t\t<\/p>\n\t\t<\/td>\n\t\t<td>\n\t\t<\/td>\n\t<\/tr>\n<\/table><div class=\"wpcf7-response-output\" aria-hidden=\"true\"><\/div>\n<\/form>\n<\/div>\n<\/div>\n<\/div><\/div>\n\n\n<style>.kadence-column1540_2baea3-94 > .kt-inside-inner-col,.kadence-column1540_2baea3-94 > .kt-inside-inner-col:before{border-top-left-radius:0px;border-top-right-radius:0px;border-bottom-right-radius:0px;border-bottom-left-radius:0px;}.kadence-column1540_2baea3-94 > .kt-inside-inner-col{column-gap:var(--global-kb-gap-sm, 1rem);}.kadence-column1540_2baea3-94 > .kt-inside-inner-col{flex-direction:column;}.kadence-column1540_2baea3-94 > .kt-inside-inner-col > .aligncenter{width:100%;}.kadence-column1540_2baea3-94 > .kt-inside-inner-col:before{opacity:0.3;}.kadence-column1540_2baea3-94{position:relative;}@media all and (max-width: 1024px){.kadence-column1540_2baea3-94 > .kt-inside-inner-col{flex-direction:column;justify-content:center;}}@media all and (max-width: 767px){.kadence-column1540_2baea3-94 > .kt-inside-inner-col{flex-direction:column;justify-content:center;}}<\/style>\n<div class=\"wp-block-kadence-column kadence-column1540_2baea3-94\"><div class=\"kt-inside-inner-col\"><style>.kb-image1540_195433-85 .kb-image-has-overlay:after{opacity:0.3;}<\/style>\n<figure class=\"wp-block-kadence-image kb-image1540_195433-85 size-full\"><img loading=\"lazy\" decoding=\"async\" width=\"543\" height=\"803\" src=\"https:\/\/www.sabores.com.sv\/wp-content\/uploads\/2025\/04\/Rectangle-45.png\" alt=\"\" class=\"kb-img wp-image-1458\" srcset=\"https:\/\/www.sabores.com.sv\/wp-content\/uploads\/2025\/04\/Rectangle-45.png 543w, https:\/\/www.sabores.com.sv\/wp-content\/uploads\/2025\/04\/Rectangle-45-203x300.png 203w, https:\/\/www.sabores.com.sv\/wp-content\/uploads\/2025\/04\/Rectangle-45-8x12.png 8w\" sizes=\"auto, (max-width: 543px) 100vw, 543px\"><\/figure>\n<\/div><\/div>\n\n<\/div><\/div>\n","protected":false},"excerpt":{"rendered":"<p>S&eacute; parte del equipo<\/p>","protected":false},"author":1,"featured_media":0,"parent":0,"menu_order":0,"comment_status":"closed","ping_status":"closed","template":"","meta":{"neve_meta_sidebar":"","neve_meta_container":"","neve_meta_enable_content_width":"","neve_meta_content_width":0,"neve_meta_title_alignment":"","neve_meta_author_avatar":"","neve_post_elements_order":"","neve_meta_disable_header":"","neve_meta_disable_footer":"","neve_meta_disable_title":"","_joinchat":[],"footnotes":""},"class_list":["post-1540","page","type-page","status-publish","hentry"],"yoast_head":"<!-- This site is optimized with the Yoast SEO plugin v25.5 - https:\/\/yoast.com\/wordpress\/plugins\/seo\/ -->\n<title>Se parte del equipo - Cosco<\/title>\n<meta name=\"description\" content=\"\u00bfBuscas empleo en la industria alimentaria en Centroam\u00e9rica? \u00danete a Sabores Cosco, una empresa l\u00edder en sabor y calidad. Descubre vacantes, oportunidades de crecimiento y forma parte de nuestro equipo.\" \/>\n<meta name=\"robots\" content=\"index, follow, max-snippet:-1, max-image-preview:large, max-video-preview:-1\" \/>\n<link rel=\"canonical\" href=\"https:\/\/www.sabores.com.sv\/en\/empleo-el-salvador\/\" \/>\n<meta property=\"og:locale\" content=\"en_US\" \/>\n<meta property=\"og:type\" content=\"article\" \/>\n<meta property=\"og:title\" content=\"Se parte del equipo - Cosco\" \/>\n<meta property=\"og:description\" content=\"\u00bfBuscas empleo en la industria alimentaria en Centroam\u00e9rica? \u00danete a Sabores Cosco, una empresa l\u00edder en sabor y calidad. Descubre vacantes, oportunidades de crecimiento y forma parte de nuestro equipo.\" \/>\n<meta property=\"og:url\" content=\"https:\/\/www.sabores.com.sv\/en\/empleo-el-salvador\/\" \/>\n<meta property=\"og:site_name\" content=\"Cosco\" \/>\n<meta property=\"article:modified_time\" content=\"2025-11-12T16:59:35+00:00\" \/>\n<meta property=\"og:image\" content=\"https:\/\/www.sabores.com.sv\/wp-content\/uploads\/2025\/04\/Rectangle-45.png\" \/>\n\t<meta property=\"og:image:width\" content=\"543\" \/>\n\t<meta property=\"og:image:height\" content=\"803\" \/>\n\t<meta property=\"og:image:type\" content=\"image\/png\" \/>\n<meta name=\"twitter:card\" content=\"summary_large_image\" \/>\n<meta name=\"twitter:label1\" content=\"Est. reading time\" \/>\n\t<meta name=\"twitter:data1\" content=\"1 minute\" \/>\n<script type=\"application\/ld+json\" class=\"yoast-schema-graph\">{\"@context\":\"https:\/\/schema.org\",\"@graph\":[{\"@type\":\"WebPage\",\"@id\":\"https:\/\/www.sabores.com.sv\/empleo-el-salvador\/\",\"url\":\"https:\/\/www.sabores.com.sv\/empleo-el-salvador\/\",\"name\":\"Se parte del equipo - Cosco\",\"isPartOf\":{\"@id\":\"https:\/\/www.sabores.com.sv\/es\/#website\"},\"primaryImageOfPage\":{\"@id\":\"https:\/\/www.sabores.com.sv\/empleo-el-salvador\/#primaryimage\"},\"image\":{\"@id\":\"https:\/\/www.sabores.com.sv\/empleo-el-salvador\/#primaryimage\"},\"thumbnailUrl\":\"https:\/\/www.sabores.com.sv\/wp-content\/uploads\/2025\/04\/Rectangle-45.png\",\"datePublished\":\"2025-04-23T19:41:12+00:00\",\"dateModified\":\"2025-11-12T16:59:35+00:00\",\"description\":\"\u00bfBuscas empleo en la industria alimentaria en Centroam\u00e9rica? \u00danete a Sabores Cosco, una empresa l\u00edder en sabor y calidad. Descubre vacantes, oportunidades de crecimiento y forma parte de nuestro equipo.\",\"breadcrumb\":{\"@id\":\"https:\/\/www.sabores.com.sv\/empleo-el-salvador\/#breadcrumb\"},\"inLanguage\":\"en-US\",\"potentialAction\":[{\"@type\":\"ReadAction\",\"target\":[\"https:\/\/www.sabores.com.sv\/empleo-el-salvador\/\"]}]},{\"@type\":\"ImageObject\",\"inLanguage\":\"en-US\",\"@id\":\"https:\/\/www.sabores.com.sv\/empleo-el-salvador\/#primaryimage\",\"url\":\"https:\/\/www.sabores.com.sv\/wp-content\/uploads\/2025\/04\/Rectangle-45.png\",\"contentUrl\":\"https:\/\/www.sabores.com.sv\/wp-content\/uploads\/2025\/04\/Rectangle-45.png\"},{\"@type\":\"BreadcrumbList\",\"@id\":\"https:\/\/www.sabores.com.sv\/empleo-el-salvador\/#breadcrumb\",\"itemListElement\":[{\"@type\":\"ListItem\",\"position\":1,\"name\":\"Home\",\"item\":\"https:\/\/www.sabores.com.sv\/\"},{\"@type\":\"ListItem\",\"position\":2,\"name\":\"Se parte del equipo\"}]},{\"@type\":\"WebSite\",\"@id\":\"https:\/\/www.sabores.com.sv\/es\/#website\",\"url\":\"https:\/\/www.sabores.com.sv\/es\/\",\"name\":\"Cosco\",\"description\":\"\",\"potentialAction\":[{\"@type\":\"SearchAction\",\"target\":{\"@type\":\"EntryPoint\",\"urlTemplate\":\"https:\/\/www.sabores.com.sv\/es\/?s={search_term_string}\"},\"query-input\":{\"@type\":\"PropertyValueSpecification\",\"valueRequired\":true,\"valueName\":\"search_term_string\"}}],\"inLanguage\":\"en-US\"}]}<\/script>\n<!-- \/ Yoast SEO plugin. -->","yoast_head_json":{"title":"Se parte del equipo - Cosco","description":"\u00bfBuscas empleo en la industria alimentaria en Centroam\u00e9rica? \u00danete a Sabores Cosco, una empresa l\u00edder en sabor y calidad. Descubre vacantes, oportunidades de crecimiento y forma parte de nuestro equipo.","robots":{"index":"index","follow":"follow","max-snippet":"max-snippet:-1","max-image-preview":"max-image-preview:large","max-video-preview":"max-video-preview:-1"},"canonical":"https:\/\/www.sabores.com.sv\/en\/empleo-el-salvador\/","og_locale":"en_US","og_type":"article","og_title":"Se parte del equipo - Cosco","og_description":"\u00bfBuscas empleo en la industria alimentaria en Centroam\u00e9rica? \u00danete a Sabores Cosco, una empresa l\u00edder en sabor y calidad. Descubre vacantes, oportunidades de crecimiento y forma parte de nuestro equipo.","og_url":"https:\/\/www.sabores.com.sv\/en\/empleo-el-salvador\/","og_site_name":"Cosco","article_modified_time":"2025-11-12T16:59:35+00:00","og_image":[{"width":543,"height":803,"url":"https:\/\/www.sabores.com.sv\/wp-content\/uploads\/2025\/04\/Rectangle-45.png","type":"image\/png"}],"twitter_card":"summary_large_image","twitter_misc":{"Est. reading time":"1 minute"},"schema":{"@context":"https:\/\/schema.org","@graph":[{"@type":"WebPage","@id":"https:\/\/www.sabores.com.sv\/empleo-el-salvador\/","url":"https:\/\/www.sabores.com.sv\/empleo-el-salvador\/","name":"Se parte del equipo - Cosco","isPartOf":{"@id":"https:\/\/www.sabores.com.sv\/es\/#website"},"primaryImageOfPage":{"@id":"https:\/\/www.sabores.com.sv\/empleo-el-salvador\/#primaryimage"},"image":{"@id":"https:\/\/www.sabores.com.sv\/empleo-el-salvador\/#primaryimage"},"thumbnailUrl":"https:\/\/www.sabores.com.sv\/wp-content\/uploads\/2025\/04\/Rectangle-45.png","datePublished":"2025-04-23T19:41:12+00:00","dateModified":"2025-11-12T16:59:35+00:00","description":"\u00bfBuscas empleo en la industria alimentaria en Centroam\u00e9rica? \u00danete a Sabores Cosco, una empresa l\u00edder en sabor y calidad. Descubre vacantes, oportunidades de crecimiento y forma parte de nuestro equipo.","breadcrumb":{"@id":"https:\/\/www.sabores.com.sv\/empleo-el-salvador\/#breadcrumb"},"inLanguage":"en-US","potentialAction":[{"@type":"ReadAction","target":["https:\/\/www.sabores.com.sv\/empleo-el-salvador\/"]}]},{"@type":"ImageObject","inLanguage":"en-US","@id":"https:\/\/www.sabores.com.sv\/empleo-el-salvador\/#primaryimage","url":"https:\/\/www.sabores.com.sv\/wp-content\/uploads\/2025\/04\/Rectangle-45.png","contentUrl":"https:\/\/www.sabores.com.sv\/wp-content\/uploads\/2025\/04\/Rectangle-45.png"},{"@type":"BreadcrumbList","@id":"https:\/\/www.sabores.com.sv\/empleo-el-salvador\/#breadcrumb","itemListElement":[{"@type":"ListItem","position":1,"name":"Home","item":"https:\/\/www.sabores.com.sv\/"},{"@type":"ListItem","position":2,"name":"Se parte del equipo"}]},{"@type":"WebSite","@id":"https:\/\/www.sabores.com.sv\/es\/#website","url":"https:\/\/www.sabores.com.sv\/es\/","name":"Cosco","description":"","potentialAction":[{"@type":"SearchAction","target":{"@type":"EntryPoint","urlTemplate":"https:\/\/www.sabores.com.sv\/es\/?s={search_term_string}"},"query-input":{"@type":"PropertyValueSpecification","valueRequired":true,"valueName":"search_term_string"}}],"inLanguage":"en-US"}]}},"_links":{"self":[{"href":"https:\/\/www.sabores.com.sv\/en\/wp-json\/wp\/v2\/pages\/1540","targetHints":{"allow":["GET"]}}],"collection":[{"href":"https:\/\/www.sabores.com.sv\/en\/wp-json\/wp\/v2\/pages"}],"about":[{"href":"https:\/\/www.sabores.com.sv\/en\/wp-json\/wp\/v2\/types\/page"}],"author":[{"embeddable":true,"href":"https:\/\/www.sabores.com.sv\/en\/wp-json\/wp\/v2\/users\/1"}],"replies":[{"embeddable":true,"href":"https:\/\/www.sabores.com.sv\/en\/wp-json\/wp\/v2\/comments?post=1540"}],"version-history":[{"count":2,"href":"https:\/\/www.sabores.com.sv\/en\/wp-json\/wp\/v2\/pages\/1540\/revisions"}],"predecessor-version":[{"id":11559,"href":"https:\/\/www.sabores.com.sv\/en\/wp-json\/wp\/v2\/pages\/1540\/revisions\/11559"}],"wp:attachment":[{"href":"https:\/\/www.sabores.com.sv\/en\/wp-json\/wp\/v2\/media?parent=1540"}],"curies":[{"name":"wp","href":"https:\/\/api.w.org\/{rel}","templated":true}]}}